{"id":342,"date":"2020-01-23T12:39:37","date_gmt":"2020-01-23T12:39:37","guid":{"rendered":"http:\/\/olotemps.cat\/?page_id=342"},"modified":"2020-06-17T08:51:58","modified_gmt":"2020-06-17T08:51:58","slug":"equip-de-mesura","status":"publish","type":"page","link":"https:\/\/olotemps.cat\/?page_id=342","title":{"rendered":"Equip de mesura"},"content":{"rendered":"\n<div class=\"wp-block-columns\">\n<div class=\"wp-block-column\">\n<p>Per recollir les dades meteorol\u00f2giques s&#8217;utilitza una estaci\u00f3 autom\u00e0tica <strong>Davis Vantage Vue.<\/strong><\/p>\n\n\n\n<p>La seva ubicaci\u00f3 es troba sobre la teulada de Ca la Rita, situat a la zona del Torrent Gros, al centre del poble.<\/p>\n<\/div>\n\n\n\n<div class=\"wp-block-column\">\n<figure class=\"wp-block-image size-large is-resized\"><img loading=\"lazy\" src=\"http:\/\/olotemps.cat\/wp-content\/uploads\/2020\/02\/s-l1600.jpg\" alt=\"\" class=\"wp-image-556\" width=\"210\" height=\"210\"\/><\/figure>\n<\/div>\n<\/div>\n\n\n\n<p>Es troba en funcionament des del gener de 2020. A mesura que vagin passant els mesos i anys, s&#8217;aniran elaborant registres, tend\u00e8ncies i estad\u00edstiques, sobre diferents variables mesurades, que ens ajudaran a descobrir quin clima tenim al nostre poble. Fins ara es disposa d&#8217;un registre de precipitaci\u00f3 de les \u00faltimes d\u00e8cades, gr\u00e0cies a dades recollides pels nostres ve\u00efns.<\/p>\n\n\n\n<div style=\"height:20px\" aria-hidden=\"true\" class=\"wp-block-spacer\"><\/div>\n\n\n\n<p><strong>Variables meteorol\u00f2giques<\/strong> <strong>que mesura l&#8217;estaci\u00f3:<\/strong><\/p>\n\n\n\n<div style=\"height:25px\" aria-hidden=\"true\" class=\"wp-block-spacer\"><\/div>\n\n\n\n<ul><li>Velocitat i direcci\u00f3 del vent.<\/li><li>Temperatura i humitat interior i exterior.<\/li><li>Temperatura de sensaci\u00f3 i punt de rosada.<\/li><li>Pluja actual i acumulada diaria, mensual i anual.<\/li><li>Intensidat de pluja.<\/li><li>Pressi\u00f3 atmosf\u00e8rica actual i tend\u00e8ncia.<\/li><li>Pron\u00f2stic meteorol\u00f2gic.<\/li><li>Fase lunar i hora de sortida i posta del Sol.<\/li><\/ul>\n\n\n\n<p><\/p>\n\n\n\n<div style=\"height:100px\" aria-hidden=\"true\" class=\"wp-block-spacer\"><\/div>\n\n\n\n<div style=\"height:100px\" aria-hidden=\"true\" class=\"wp-block-spacer\"><\/div>\n","protected":false},"excerpt":{"rendered":"<p>Per recollir les dades meteorol\u00f2giques s&#8217;utilitza una estaci\u00f3 autom\u00e0tica Davis Vantage Vue. La seva ubicaci\u00f3 es troba sobre la teulada de Ca la Rita, situat a la zona del Torrent Gros, al centre del poble. Es troba en funcionament des del gener de 2020. A mesura que vagin passant els mesos i anys, s&#8217;aniran elaborant [&hellip;]<\/p>\n","protected":false},"author":1,"featured_media":0,"parent":550,"menu_order":0,"comment_status":"closed","ping_status":"closed","template":"","meta":[],"_links":{"self":[{"href":"https:\/\/olotemps.cat\/index.php?rest_route=\/wp\/v2\/pages\/342"}],"collection":[{"href":"https:\/\/olotemps.cat\/index.php?rest_route=\/wp\/v2\/pages"}],"about":[{"href":"https:\/\/olotemps.cat\/index.php?rest_route=\/wp\/v2\/types\/page"}],"author":[{"embeddable":true,"href":"https:\/\/olotemps.cat\/index.php?rest_route=\/wp\/v2\/users\/1"}],"replies":[{"embeddable":true,"href":"https:\/\/olotemps.cat\/index.php?rest_route=%2Fwp%2Fv2%2Fcomments&post=342"}],"version-history":[{"count":14,"href":"https:\/\/olotemps.cat\/index.php?rest_route=\/wp\/v2\/pages\/342\/revisions"}],"predecessor-version":[{"id":777,"href":"https:\/\/olotemps.cat\/index.php?rest_route=\/wp\/v2\/pages\/342\/revisions\/777"}],"up":[{"embeddable":true,"href":"https:\/\/olotemps.cat\/index.php?rest_route=\/wp\/v2\/pages\/550"}],"wp:attachment":[{"href":"https:\/\/olotemps.cat\/index.php?rest_route=%2Fwp%2Fv2%2Fmedia&parent=342"}],"curies":[{"name":"wp","href":"https:\/\/api.w.org\/{rel}","templated":true}]}}