{"id":669,"date":"2020-03-03T11:06:08","date_gmt":"2020-03-03T11:06:08","guid":{"rendered":"http:\/\/olotemps.cat\/?page_id=669"},"modified":"2026-02-01T16:37:30","modified_gmt":"2026-02-01T16:37:30","slug":"torrent-gros","status":"publish","type":"page","link":"https:\/\/olotemps.cat\/?page_id=669","title":{"rendered":"TORRENT GROS"},"content":{"rendered":"\n<p class=\"has-medium-font-size\"><strong>TORRENT GROS &#8211; Registre de precipitaci\u00f3 anual<\/strong><\/p>\n\n\n\n<div style=\"height:20px\" aria-hidden=\"true\" class=\"wp-block-spacer\"><\/div>\n\n\n\n<p><strong>Taula<\/strong> de la precipitaci\u00f3 acumulada durant els darrers anys, al Torrent Gros. (<em>Dades recollides per <strong>Rita Oliveras<\/strong><\/em>)<\/p>\n\n\n\n<div style=\"height:20px\" aria-hidden=\"true\" class=\"wp-block-spacer\"><\/div>\n\n\n\n\n<table id=\"tablepress-12\" class=\"tablepress tablepress-id-12\">\n<thead>\n<tr class=\"row-1 odd\">\n\t<th class=\"column-1\">Any \/ Mes<\/th><th class=\"column-2\">GENER<\/th><th class=\"column-3\">FEBRER<\/th><th class=\"column-4\">MAR\u00c7<\/th><th class=\"column-5\">ABRIL<\/th><th class=\"column-6\">MAIG<\/th><th class=\"column-7\">JUNY<\/th><th class=\"column-8\">JULIOL<\/th><th class=\"column-9\">AGOST<\/th><th class=\"column-10\">SETEMBRE<\/th><th class=\"column-11\">OCTUBRE<\/th><th class=\"column-12\">NOVEMBRE<\/th><th class=\"column-13\">DESEMBRE<\/th><th class=\"column-14\">TOTAL <\/th>\n<\/tr>\n<\/thead>\n<tbody class=\"row-hover\">\n<tr class=\"row-2 even\">\n\t<td class=\"column-1\">2002<\/td><td class=\"column-2\">6<\/td><td class=\"column-3\">13<\/td><td class=\"column-4\">28<\/td><td class=\"column-5\">73<\/td><td class=\"column-6\">108<\/td><td class=\"column-7\">64<\/td><td class=\"column-8\">62<\/td><td class=\"column-9\">31<\/td><td class=\"column-10\">29<\/td><td class=\"column-11\">63<\/td><td class=\"column-12\">33<\/td><td class=\"column-13\">30<\/td><td class=\"column-14\">540<\/td>\n<\/tr>\n<tr class=\"row-3 odd\">\n\t<td class=\"column-1\">2003<\/td><td class=\"column-2\">20<\/td><td class=\"column-3\">50<\/td><td class=\"column-4\">9.5<\/td><td class=\"column-5\">16<\/td><td class=\"column-6\">27<\/td><td class=\"column-7\">73<\/td><td class=\"column-8\">11.5<\/td><td class=\"column-9\">40<\/td><td class=\"column-10\">81<\/td><td class=\"column-11\">128.5<\/td><td class=\"column-12\">24<\/td><td class=\"column-13\">46<\/td><td class=\"column-14\">526.5<\/td>\n<\/tr>\n<tr class=\"row-4 even\">\n\t<td class=\"column-1\">2004<\/td><td class=\"column-2\">2<\/td><td class=\"column-3\">53<\/td><td class=\"column-4\">36.5<\/td><td class=\"column-5\">84<\/td><td class=\"column-6\">21<\/td><td class=\"column-7\">43<\/td><td class=\"column-8\">20<\/td><td class=\"column-9\">105<\/td><td class=\"column-10\">58<\/td><td class=\"column-11\">17<\/td><td class=\"column-12\">4<\/td><td class=\"column-13\">27<\/td><td class=\"column-14\">470.5<\/td>\n<\/tr>\n<tr class=\"row-5 odd\">\n\t<td class=\"column-1\">2005<\/td><td class=\"column-2\">0<\/td><td class=\"column-3\">7<\/td><td class=\"column-4\">22.5<\/td><td class=\"column-5\">0<\/td><td class=\"column-6\">40<\/td><td class=\"column-7\">31<\/td><td class=\"column-8\">32.5<\/td><td class=\"column-9\">72.5<\/td><td class=\"column-10\">76<\/td><td class=\"column-11\">118.5<\/td><td class=\"column-12\">23.5<\/td><td class=\"column-13\">14<\/td><td class=\"column-14\">437.5<\/td>\n<\/tr>\n<tr class=\"row-6 even\">\n\t<td class=\"column-1\">2006<\/td><td class=\"column-2\">51<\/td><td class=\"column-3\">4<\/td><td class=\"column-4\">7<\/td><td class=\"column-5\">49.5<\/td><td class=\"column-6\">11.5<\/td><td class=\"column-7\">0.5<\/td><td class=\"column-8\">32<\/td><td class=\"column-9\">52<\/td><td class=\"column-10\">79<\/td><td class=\"column-11\">30.5<\/td><td class=\"column-12\">2<\/td><td class=\"column-13\">16<\/td><td class=\"column-14\">335<\/td>\n<\/tr>\n<tr class=\"row-7 odd\">\n\t<td class=\"column-1\">2007<\/td><td class=\"column-2\">10<\/td><td class=\"column-3\">15.5<\/td><td class=\"column-4\">21<\/td><td class=\"column-5\">78.5<\/td><td class=\"column-6\">43<\/td><td class=\"column-7\">20<\/td><td class=\"column-8\">1<\/td><td class=\"column-9\">46<\/td><td class=\"column-10\">0<\/td><td class=\"column-11\">36<\/td><td class=\"column-12\">5<\/td><td class=\"column-13\">0<\/td><td class=\"column-14\">276<\/td>\n<\/tr>\n<tr class=\"row-8 even\">\n\t<td class=\"column-1\">2008<\/td><td class=\"column-2\">18<\/td><td class=\"column-3\">22<\/td><td class=\"column-4\">19<\/td><td class=\"column-5\">82.5<\/td><td class=\"column-6\">122<\/td><td class=\"column-7\">157<\/td><td class=\"column-8\">55<\/td><td class=\"column-9\">64.5<\/td><td class=\"column-10\">34<\/td><td class=\"column-11\">101<\/td><td class=\"column-12\">53<\/td><td class=\"column-13\">50<\/td><td class=\"column-14\">778<\/td>\n<\/tr>\n<tr class=\"row-9 odd\">\n\t<td class=\"column-1\">2009<\/td><td class=\"column-2\">35<\/td><td class=\"column-3\">11<\/td><td class=\"column-4\">42<\/td><td class=\"column-5\">95<\/td><td class=\"column-6\">22<\/td><td class=\"column-7\">32<\/td><td class=\"column-8\">52<\/td><td class=\"column-9\">59<\/td><td class=\"column-10\">83.5<\/td><td class=\"column-11\">69<\/td><td class=\"column-12\">12.5<\/td><td class=\"column-13\">61.5<\/td><td class=\"column-14\">574.5<\/td>\n<\/tr>\n<tr class=\"row-10 even\">\n\t<td class=\"column-1\">2010<\/td><td class=\"column-2\">54<\/td><td class=\"column-3\">64<\/td><td class=\"column-4\">74<\/td><td class=\"column-5\">39<\/td><td class=\"column-6\">123<\/td><td class=\"column-7\">115<\/td><td class=\"column-8\">62<\/td><td class=\"column-9\">55<\/td><td class=\"column-10\">92<\/td><td class=\"column-11\">81<\/td><td class=\"column-12\">21.5<\/td><td class=\"column-13\">13<\/td><td class=\"column-14\">793.5<\/td>\n<\/tr>\n<tr class=\"row-11 odd\">\n\t<td class=\"column-1\">2011<\/td><td class=\"column-2\">25<\/td><td class=\"column-3\">9<\/td><td class=\"column-4\">143.5<\/td><td class=\"column-5\">44.5<\/td><td class=\"column-6\">104<\/td><td class=\"column-7\">131<\/td><td class=\"column-8\">76.5<\/td><td class=\"column-9\">0<\/td><td class=\"column-10\">14<\/td><td class=\"column-11\">51<\/td><td class=\"column-12\">188<\/td><td class=\"column-13\">0<\/td><td class=\"column-14\">786.5<\/td>\n<\/tr>\n<tr class=\"row-12 even\">\n\t<td class=\"column-1\">2012<\/td><td class=\"column-2\">0<\/td><td class=\"column-3\">10<\/td><td class=\"column-4\">44<\/td><td class=\"column-5\">90.5<\/td><td class=\"column-6\">65<\/td><td class=\"column-7\">26<\/td><td class=\"column-8\">9<\/td><td class=\"column-9\">72<\/td><td class=\"column-10\">70.5<\/td><td class=\"column-11\">74<\/td><td class=\"column-12\">22.5<\/td><td class=\"column-13\">0<\/td><td class=\"column-14\">483.5<\/td>\n<\/tr>\n<tr class=\"row-13 odd\">\n\t<td class=\"column-1\">2013<\/td><td class=\"column-2\">30<\/td><td class=\"column-3\">5<\/td><td class=\"column-4\">63.5<\/td><td class=\"column-5\">91<\/td><td class=\"column-6\">86.5<\/td><td class=\"column-7\">33<\/td><td class=\"column-8\">67<\/td><td class=\"column-9\">43<\/td><td class=\"column-10\">67<\/td><td class=\"column-11\">27<\/td><td class=\"column-12\">73<\/td><td class=\"column-13\">10<\/td><td class=\"column-14\">596<\/td>\n<\/tr>\n<tr class=\"row-14 even\">\n\t<td class=\"column-1\">2014<\/td><td class=\"column-2\">47.5<\/td><td class=\"column-3\">32<\/td><td class=\"column-4\">6<\/td><td class=\"column-5\">48<\/td><td class=\"column-6\">40<\/td><td class=\"column-7\">149<\/td><td class=\"column-8\">52<\/td><td class=\"column-9\">181.5<\/td><td class=\"column-10\">242<\/td><td class=\"column-11\">21<\/td><td class=\"column-12\">169<\/td><td class=\"column-13\">13<\/td><td class=\"column-14\">1001<\/td>\n<\/tr>\n<tr class=\"row-15 odd\">\n\t<td class=\"column-1\">2015<\/td><td class=\"column-2\">19<\/td><td class=\"column-3\">18<\/td><td class=\"column-4\">28<\/td><td class=\"column-5\">40.5<\/td><td class=\"column-6\">24.5<\/td><td class=\"column-7\">35.5<\/td><td class=\"column-8\">68<\/td><td class=\"column-9\">34<\/td><td class=\"column-10\">102<\/td><td class=\"column-11\">17<\/td><td class=\"column-12\">43<\/td><td class=\"column-13\">0<\/td><td class=\"column-14\">429.5<\/td>\n<\/tr>\n<tr class=\"row-16 even\">\n\t<td class=\"column-1\">2016<\/td><td class=\"column-2\">0<\/td><td class=\"column-3\">45.5<\/td><td class=\"column-4\">39.5<\/td><td class=\"column-5\">86.5<\/td><td class=\"column-6\">45.5<\/td><td class=\"column-7\">32<\/td><td class=\"column-8\">34<\/td><td class=\"column-9\">55<\/td><td class=\"column-10\">74.5<\/td><td class=\"column-11\">72<\/td><td class=\"column-12\">89<\/td><td class=\"column-13\">17<\/td><td class=\"column-14\">590.5<\/td>\n<\/tr>\n<tr class=\"row-17 odd\">\n\t<td class=\"column-1\">2017<\/td><td class=\"column-2\">29<\/td><td class=\"column-3\">39.5<\/td><td class=\"column-4\">97<\/td><td class=\"column-5\">84<\/td><td class=\"column-6\">18<\/td><td class=\"column-7\">27<\/td><td class=\"column-8\">6.5<\/td><td class=\"column-9\">34<\/td><td class=\"column-10\">84.5<\/td><td class=\"column-11\">52<\/td><td class=\"column-12\">10<\/td><td class=\"column-13\">7<\/td><td class=\"column-14\">488.5<\/td>\n<\/tr>\n<tr class=\"row-18 even\">\n\t<td class=\"column-1\">2018<\/td><td class=\"column-2\">89<\/td><td class=\"column-3\">81<\/td><td class=\"column-4\">72<\/td><td class=\"column-5\">64<\/td><td class=\"column-6\">128<\/td><td class=\"column-7\">61<\/td><td class=\"column-8\">17<\/td><td class=\"column-9\">81.5<\/td><td class=\"column-10\">34.5<\/td><td class=\"column-11\">188<\/td><td class=\"column-12\">84.5<\/td><td class=\"column-13\">5<\/td><td class=\"column-14\">905.5<\/td>\n<\/tr>\n<tr class=\"row-19 odd\">\n\t<td class=\"column-1\">2019<\/td><td class=\"column-2\">7<\/td><td class=\"column-3\">2<\/td><td class=\"column-4\">5<\/td><td class=\"column-5\">72.5<\/td><td class=\"column-6\">63.5<\/td><td class=\"column-7\">17.5<\/td><td class=\"column-8\">67<\/td><td class=\"column-9\">63<\/td><td class=\"column-10\">87.5<\/td><td class=\"column-11\">97.5<\/td><td class=\"column-12\">38.5<\/td><td class=\"column-13\">85<\/td><td class=\"column-14\">606<\/td>\n<\/tr>\n<tr class=\"row-20 even\">\n\t<td class=\"column-1\">2020<\/td><td class=\"column-2\">149,80<\/td><td class=\"column-3\">3,0<\/td><td class=\"column-4\">27,8<\/td><td class=\"column-5\">98,2<\/td><td class=\"column-6\">96,8<\/td><td class=\"column-7\">205,4<\/td><td class=\"column-8\">88,4<\/td><td class=\"column-9\">80,0<\/td><td class=\"column-10\">59,40<\/td><td class=\"column-11\">33,8<\/td><td class=\"column-12\">75,0<\/td><td class=\"column-13\">21,8<\/td><td class=\"column-14\">939,4<\/td>\n<\/tr>\n<tr class=\"row-21 odd\">\n\t<td class=\"column-1\">2021<\/td><td class=\"column-2\">23,2<\/td><td class=\"column-3\">28,5<\/td><td class=\"column-4\">16,8<\/td><td class=\"column-5\">62,2<\/td><td class=\"column-6\">56,8<\/td><td class=\"column-7\">37,2<\/td><td class=\"column-8\">11,0<\/td><td class=\"column-9\">25,0<\/td><td class=\"column-10\">176,7<\/td><td class=\"column-11\">41,0<\/td><td class=\"column-12\">60,6<\/td><td class=\"column-13\">4,4<\/td><td class=\"column-14\">541,3<\/td>\n<\/tr>\n<tr class=\"row-22 even\">\n\t<td class=\"column-1\">2022<\/td><td class=\"column-2\">6,0<\/td><td class=\"column-3\">10,6<\/td><td class=\"column-4\">81,4<\/td><td class=\"column-5\">26,4<\/td><td class=\"column-6\">45,6<\/td><td class=\"column-7\">34,8<\/td><td class=\"column-8\">10,8<\/td><td class=\"column-9\">65,8<\/td><td class=\"column-10\">25,2<\/td><td class=\"column-11\">4,4<\/td><td class=\"column-12\">7,8<\/td><td class=\"column-13\">39,6<\/td><td class=\"column-14\">358,4<\/td>\n<\/tr>\n<tr class=\"row-23 odd\">\n\t<td class=\"column-1\">2023<\/td><td class=\"column-2\">9,0<\/td><td class=\"column-3\">34,2<\/td><td class=\"column-4\">9,0<\/td><td class=\"column-5\">29,0<\/td><td class=\"column-6\">86,4<\/td><td class=\"column-7\">158,4<\/td><td class=\"column-8\">19,8<\/td><td class=\"column-9\">40,2<\/td><td class=\"column-10\">40,0<\/td><td class=\"column-11\">30,0<\/td><td class=\"column-12\">5,0<\/td><td class=\"column-13\">12,6<\/td><td class=\"column-14\">474,2<\/td>\n<\/tr>\n<tr class=\"row-24 even\">\n\t<td class=\"column-1\">2024<\/td><td class=\"column-2\">44,4<\/td><td class=\"column-3\">13,4<\/td><td class=\"column-4\">113,4<\/td><td class=\"column-5\">93,0<\/td><td class=\"column-6\">56,2<\/td><td class=\"column-7\">65,4<\/td><td class=\"column-8\">43,8<\/td><td class=\"column-9\">106,0<\/td><td class=\"column-10\">55,0<\/td><td class=\"column-11\">145,0<\/td><td class=\"column-12\">49,1<\/td><td class=\"column-13\">11,7<\/td><td class=\"column-14\">796,4<\/td>\n<\/tr>\n<tr class=\"row-25 odd\">\n\t<td class=\"column-1\">2025<\/td><td class=\"column-2\">5,80<\/td><td class=\"column-3\">53,00<\/td><td class=\"column-4\">159,00<\/td><td class=\"column-5\">66,80<\/td><td class=\"column-6\">72,00<\/td><td class=\"column-7\">0,60<\/td><td class=\"column-8\">191,40<\/td><td class=\"column-9\">13,20<\/td><td class=\"column-10\">90,80<\/td><td class=\"column-11\">71,80<\/td><td class=\"column-12\">25,80<\/td><td class=\"column-13\">128,30<\/td><td class=\"column-14\">878,50<\/td>\n<\/tr>\n<\/tbody>\n<tfoot>\n<tr class=\"row-26 even\">\n\t<th class=\"column-1\">MITJANA<\/th><th class=\"column-2\">28,36<\/th><th class=\"column-3\">25,93<\/th><th class=\"column-4\">48,56<\/th><th class=\"column-5\">63,11<\/th><th class=\"column-6\">62,76<\/th><th class=\"column-7\">64,55<\/th><th class=\"column-8\">45,43<\/th><th class=\"column-9\">59,13<\/th><th class=\"column-10\">73,17<\/th><th class=\"column-11\">65,42<\/th><th class=\"column-12\">46,66<\/th><th class=\"column-13\">25,54<\/th><th class=\"column-14\">608,61<\/th>\n<\/tr>\n<\/tfoot>\n<\/table>\n<!-- #tablepress-12 from cache -->\n\n\n\n<div style=\"height:20px\" aria-hidden=\"true\" class=\"wp-block-spacer\"><\/div>\n\n\n\n<p><strong>Gr\u00e0fica<\/strong> de la precipitaci\u00f3 acumulada en els darrers anys, al Torrent Gros. <em>(Dades de <strong>Rita Oliveras<\/strong>)<\/em><\/p>\n\n\n\n<div style=\"height:20px\" aria-hidden=\"true\" class=\"wp-block-spacer\"><\/div>\n\n\n\n<div style=\"height:26px\" aria-hidden=\"true\" class=\"wp-block-spacer\"><\/div>\n\n\n\n<figure class=\"wp-block-gallery columns-1\"><ul class=\"blocks-gallery-grid\"><li class=\"blocks-gallery-item\"><figure><img loading=\"lazy\" width=\"1024\" height=\"362\" src=\"https:\/\/olotemps.cat\/wp-content\/uploads\/2026\/02\/Grafica-pluja-Olotemps-fins-2025-1024x362.png\" alt=\"\" data-id=\"1284\" data-full-url=\"https:\/\/olotemps.cat\/wp-content\/uploads\/2026\/02\/Grafica-pluja-Olotemps-fins-2025.png\" data-link=\"https:\/\/olotemps.cat\/?attachment_id=1284\" class=\"wp-image-1284\" srcset=\"https:\/\/olotemps.cat\/wp-content\/uploads\/2026\/02\/Grafica-pluja-Olotemps-fins-2025-1024x362.png 1024w, https:\/\/olotemps.cat\/wp-content\/uploads\/2026\/02\/Grafica-pluja-Olotemps-fins-2025-300x106.png 300w, https:\/\/olotemps.cat\/wp-content\/uploads\/2026\/02\/Grafica-pluja-Olotemps-fins-2025-768x271.png 768w, https:\/\/olotemps.cat\/wp-content\/uploads\/2026\/02\/Grafica-pluja-Olotemps-fins-2025-1536x542.png 1536w, https:\/\/olotemps.cat\/wp-content\/uploads\/2026\/02\/Grafica-pluja-Olotemps-fins-2025.png 1920w\" sizes=\"(max-width: 1024px) 100vw, 1024px\" \/><\/figure><\/li><\/ul><\/figure>\n\n\n\n<div style=\"height:100px\" aria-hidden=\"true\" class=\"wp-block-spacer\"><\/div>\n","protected":false},"excerpt":{"rendered":"<p>TORRENT GROS &#8211; Registre de precipitaci\u00f3 anual Taula de la precipitaci\u00f3 acumulada durant els darrers anys, al Torrent Gros. (Dades recollides per Rita Oliveras) Gr\u00e0fica de la precipitaci\u00f3 acumulada en els darrers anys, al Torrent Gros. (Dades de Rita Oliveras)<\/p>\n","protected":false},"author":1,"featured_media":0,"parent":255,"menu_order":0,"comment_status":"closed","ping_status":"closed","template":"","meta":[],"_links":{"self":[{"href":"https:\/\/olotemps.cat\/index.php?rest_route=\/wp\/v2\/pages\/669"}],"collection":[{"href":"https:\/\/olotemps.cat\/index.php?rest_route=\/wp\/v2\/pages"}],"about":[{"href":"https:\/\/olotemps.cat\/index.php?rest_route=\/wp\/v2\/types\/page"}],"author":[{"embeddable":true,"href":"https:\/\/olotemps.cat\/index.php?rest_route=\/wp\/v2\/users\/1"}],"replies":[{"embeddable":true,"href":"https:\/\/olotemps.cat\/index.php?rest_route=%2Fwp%2Fv2%2Fcomments&post=669"}],"version-history":[{"count":20,"href":"https:\/\/olotemps.cat\/index.php?rest_route=\/wp\/v2\/pages\/669\/revisions"}],"predecessor-version":[{"id":1285,"href":"https:\/\/olotemps.cat\/index.php?rest_route=\/wp\/v2\/pages\/669\/revisions\/1285"}],"up":[{"embeddable":true,"href":"https:\/\/olotemps.cat\/index.php?rest_route=\/wp\/v2\/pages\/255"}],"wp:attachment":[{"href":"https:\/\/olotemps.cat\/index.php?rest_route=%2Fwp%2Fv2%2Fmedia&parent=669"}],"curies":[{"name":"wp","href":"https:\/\/api.w.org\/{rel}","templated":true}]}}